{"id":50,"date":"2024-06-05T14:53:52","date_gmt":"2024-06-05T11:53:52","guid":{"rendered":"http:\/\/robio.co\/?page_id=50"},"modified":"2024-06-05T15:51:39","modified_gmt":"2024-06-05T12:51:39","slug":"contact","status":"publish","type":"page","link":"https:\/\/robio.co\/?page_id=50","title":{"rendered":"Contact"},"content":{"rendered":"\n<figure class=\"wp-block-image aligncenter size-large is-resized is-style-rounded\"><img loading=\"lazy\" decoding=\"async\" width=\"1024\" height=\"614\" src=\"http:\/\/robio.co\/wp-content\/uploads\/2024\/06\/Accident-27-1024x614.png\" alt=\"\" class=\"wp-image-55\" style=\"width:468px;height:auto\" srcset=\"https:\/\/robio.co\/wp-content\/uploads\/2024\/06\/Accident-27-1024x614.png 1024w, https:\/\/robio.co\/wp-content\/uploads\/2024\/06\/Accident-27-300x180.png 300w, https:\/\/robio.co\/wp-content\/uploads\/2024\/06\/Accident-27-768x461.png 768w, https:\/\/robio.co\/wp-content\/uploads\/2024\/06\/Accident-27.png 1200w\" sizes=\"(max-width: 1024px) 100vw, 1024px\" \/><\/figure>\n\n\n\n<p>We&#8217;d love to hear from you! Whether you have questions, feedback, or need more information about our products and services, feel free to reach out to us.<\/p>\n\n\n\n<h4 class=\"wp-block-heading\">General Inquiries<\/h4>\n\n\n\n<p>For general questions and information, please contact us at:&nbsp;<strong>Email:<\/strong>&nbsp;<a>hello@robio.com.tr<\/a><br><strong>Phone:<\/strong>&nbsp;+90 (216) 581 32 00<\/p>\n\n\n\n<h4 class=\"wp-block-heading\">Human Resources<\/h4>\n\n\n\n<p>Interested in joining our team? Send your CV and inquiries to:&nbsp;<strong>Email:<\/strong>&nbsp;<a>talent@robio.com.tr<\/a><\/p>\n\n\n\n<h4 class=\"wp-block-heading\">Customer Support<\/h4>\n\n\n\n<p>For support with our products and services, please contact:&nbsp;<strong>Email:<\/strong>&nbsp;<a>hello@robio.com.tr<\/a><br><strong>Phone:<\/strong>&nbsp;+90 (216) 581 32 00<\/p>\n\n\n\n<h4 class=\"wp-block-heading\">Visit Us<\/h4>\n\n\n\n<p><strong>Robio<\/strong><br>Alt\u0131nay Technology Group<br>Ayd\u0131nl\u0131 Sb, Istanbul Endustri ve Ticaret Serbest Bolgesi, Orjin Cd. 10.Sok No:3, 34953 Tuzla\/\u0130stanbul<\/p>\n\n\n\n<h4 class=\"wp-block-heading\">Social Media<\/h4>\n\n\n\n<p>Stay connected with us through our social media channels:<\/p>\n\n\n\n<ul>\n<li><strong>Facebook:<\/strong>&nbsp;<a href=\"https:\/\/www.facebook.com\/profile.php?id=61560577651052\">https:\/\/www.facebook.com\/profile.php?id=61560577651052<\/a><\/li>\n\n\n\n<li><strong>Twitter:<\/strong>&nbsp;<a href=\"https:\/\/twitter.com\/Robio_Agritech\">https:\/\/twitter.com\/Robio_Agritech<\/a><\/li>\n\n\n\n<li><strong>LinkedIn:<\/strong>&nbsp;<a href=\"http:\/\/linkedin.com\/company\/robioco\" data-type=\"link\" data-id=\"http:\/\/linkedin.com\/company\/robioco\">linkedin.com\/company\/robioco<\/a><\/li>\n\n\n\n<li><strong>Instagram:<\/strong> <a href=\"https:\/\/www.instagram.com\/robio_agritech\/\">https:\/\/www.instagram.com\/robio_agritech\/<\/a><\/li>\n<\/ul>\n\n\n\n<p>We look forward to connecting with you!<\/p>\n","protected":false},"excerpt":{"rendered":"<p>We&#8217;d love to hear from you! Whether you have questions, feedback, or need more information about our products and services, feel free to reach out to us. General Inquiries For general questions and information, please contact us at:&nbsp;Email:&nbsp;hello@robio.com.trPhone:&nbsp;+90 (216) 581 32 00 Human Resources Interested in joining our team? Send your CV and inquiries to:&nbsp;Email:&nbsp;talent@robio.com.tr [&hellip;]<\/p>\n","protected":false},"author":1,"featured_media":0,"parent":0,"menu_order":0,"comment_status":"closed","ping_status":"closed","template":"","meta":{"footnotes":""},"_links":{"self":[{"href":"https:\/\/robio.co\/index.php?rest_route=\/wp\/v2\/pages\/50"}],"collection":[{"href":"https:\/\/robio.co\/index.php?rest_route=\/wp\/v2\/pages"}],"about":[{"href":"https:\/\/robio.co\/index.php?rest_route=\/wp\/v2\/types\/page"}],"author":[{"embeddable":true,"href":"https:\/\/robio.co\/index.php?rest_route=\/wp\/v2\/users\/1"}],"replies":[{"embeddable":true,"href":"https:\/\/robio.co\/index.php?rest_route=%2Fwp%2Fv2%2Fcomments&post=50"}],"version-history":[{"count":2,"href":"https:\/\/robio.co\/index.php?rest_route=\/wp\/v2\/pages\/50\/revisions"}],"predecessor-version":[{"id":56,"href":"https:\/\/robio.co\/index.php?rest_route=\/wp\/v2\/pages\/50\/revisions\/56"}],"wp:attachment":[{"href":"https:\/\/robio.co\/index.php?rest_route=%2Fwp%2Fv2%2Fmedia&parent=50"}],"curies":[{"name":"wp","href":"https:\/\/api.w.org\/{rel}","templated":true}]}}